{"id":60,"date":"2023-11-06T09:02:30","date_gmt":"2023-11-06T13:02:30","guid":{"rendered":"http:\/\/chaleurshootingclub.com\/?page_id=60"},"modified":"2024-11-25T08:51:47","modified_gmt":"2024-11-25T12:51:47","slug":"club-de-tir-chaleur-shooting-club","status":"publish","type":"page","link":"https:\/\/chaleurshootingclub.com\/fr_ca\/","title":{"rendered":"Club de Tir Chaleur Shooting Club"},"content":{"rendered":"<div class=\"wp-block-image\">\n<figure class=\"aligncenter size-full\"><img loading=\"lazy\" decoding=\"async\" width=\"200\" height=\"200\" src=\"http:\/\/chaleurshootingclub.com\/wp-content\/uploads\/2023\/11\/new-logo.png\" alt=\"The Club de Tir Chaleur Shooting Club Logo\" class=\"wp-image-53\" srcset=\"https:\/\/chaleurshootingclub.com\/wp-content\/uploads\/2023\/11\/new-logo.png 200w, https:\/\/chaleurshootingclub.com\/wp-content\/uploads\/2023\/11\/new-logo-150x150.png 150w\" sizes=\"auto, (max-width: 200px) 100vw, 200px\" \/><\/figure>\n<\/div>\n\n\n<p class=\"has-text-align-center has-primary-color has-background-background-color has-text-color has-background\"><strong>Club De Tir Chaleur Shooting Club<\/strong>\u00a0a \u00e9t\u00e9 fond\u00e9 en 1984. Le terrain sur lequel notre club op\u00e8re est fourni gracieusement par <strong><a href=\"https:\/\/www.st-isidoreasphalte.ca\" target=\"_blank\" rel=\"noreferrer noopener\">https:\/\/www.st-isidoreasphalte.ca\/<\/a><\/strong> et la famille Losier. Nous appr\u00e9cions sinc\u00e8rement leur soutien continu.<br><br>Situ\u00e9 pr\u00e8s de Madran, au Nouveau-Brunswick, notre champ de tir offre actuellement un champ de tir \u00e0 la carabine de 100 m avec 8 couloirs, et un champ de tir au pistolet de 25 m avec 4 couloirs.<br><br>Notre mission est de respecter et de d\u00e9passer toutes les r\u00e9glementations gouvernementales et les protocoles de s\u00e9curit\u00e9 pour les armes \u00e0 feu.<br><br>Le stand champ de tir est ouvert 7 jours sur 7, du lever au coucher du soleil. Le champ de tir est ouvert en hiver mais la route d'acc\u00e8s n'est pas entretenue.<br><br><strong>Veuillez noter qu'il est n\u00e9cessaire d'\u00eatre membre pour utiliser le champ de tir. Si vous souhaitez devenir membre, veuillez consulter notre page Adh\u00e9sion.<\/strong><br><br>Vous pouvez nous envoyer un courriel \u00e0 <a href=\"mailto:club-chaleur@outlook.com\" target=\"_blank\" rel=\"noreferrer noopener\">club-chaleur@outlook.com<\/a><br><br>Le champ de tir est situ\u00e9 \u00e0\u00a0<a href=\"https:\/\/www.openstreetmap.org\/?mlat=47.8235&amp;mlon=-65.8296#map=12\/47.8235\/-65.8296\" target=\"_blank\" rel=\"noreferrer noopener\">733 Chemin de la P\u00e9pini\u00e8re in Madran, NB. (cliquez pour voir la carte).<\/a><\/p>","protected":false},"excerpt":{"rendered":"<p>Club De Tir Chaleur Shooting Club\u00a0was founded in 1984.\u00a0The land use our club operates on is supplied courtesy of St. Isidore Ashpalte and the Losier family. We sincerely appreciate their [&hellip;]<\/p>\n","protected":false},"author":2,"featured_media":55,"parent":0,"menu_order":0,"comment_status":"closed","ping_status":"closed","template":"","meta":{"pmpro_default_level":"","footnotes":""},"class_list":["post-60","page","type-page","status-publish","has-post-thumbnail","hentry","pmpro-has-access"],"_links":{"self":[{"href":"https:\/\/chaleurshootingclub.com\/fr_ca\/wp-json\/wp\/v2\/pages\/60","targetHints":{"allow":["GET"]}}],"collection":[{"href":"https:\/\/chaleurshootingclub.com\/fr_ca\/wp-json\/wp\/v2\/pages"}],"about":[{"href":"https:\/\/chaleurshootingclub.com\/fr_ca\/wp-json\/wp\/v2\/types\/page"}],"author":[{"embeddable":true,"href":"https:\/\/chaleurshootingclub.com\/fr_ca\/wp-json\/wp\/v2\/users\/2"}],"replies":[{"embeddable":true,"href":"https:\/\/chaleurshootingclub.com\/fr_ca\/wp-json\/wp\/v2\/comments?post=60"}],"version-history":[{"count":16,"href":"https:\/\/chaleurshootingclub.com\/fr_ca\/wp-json\/wp\/v2\/pages\/60\/revisions"}],"predecessor-version":[{"id":767,"href":"https:\/\/chaleurshootingclub.com\/fr_ca\/wp-json\/wp\/v2\/pages\/60\/revisions\/767"}],"wp:featuredmedia":[{"embeddable":true,"href":"https:\/\/chaleurshootingclub.com\/fr_ca\/wp-json\/wp\/v2\/media\/55"}],"wp:attachment":[{"href":"https:\/\/chaleurshootingclub.com\/fr_ca\/wp-json\/wp\/v2\/media?parent=60"}],"curies":[{"name":"wp","href":"https:\/\/api.w.org\/{rel}","templated":true}]}}