{"id":686,"date":"2024-07-20T17:32:14","date_gmt":"2024-07-20T20:32:14","guid":{"rendered":"https:\/\/chaleurshootingclub.com\/?page_id=686"},"modified":"2024-07-20T17:32:15","modified_gmt":"2024-07-20T20:32:15","slug":"range-rules","status":"publish","type":"page","link":"https:\/\/chaleurshootingclub.com\/fr_ca\/range-rules\/","title":{"rendered":"R\u00e8gles Du Champ De Tir"},"content":{"rendered":"<p><em>Mis \u00e0 jour le 16 mars 2024<\/em><\/p>\n\n\n\n<h4 class=\"wp-block-heading\">R\u00c8GLES DU CHAMP DE TIR<\/h4>\n\n\n\n<ol class=\"wp-block-list\">\n<li>La porte principale doit rester FERM\u00c9E en tout temps, Panneau Jaune mis EN USAGE.<\/li>\n\n\n\n<li>La carte de membre du club doit \u00eatre visible \u00e0 tout moment.<\/li>\n\n\n\n<li><strong>Seulement les Membres du club ont le droit d\u2019utiliser une arme \u00e0 feu (nouveau 2024).<\/strong><\/li>\n\n\n\n<li><strong>Les visiteurs ne sont pas assur\u00e9s et peuvent pas manipuler ou utiliser une arme \u00e0 feu.<\/strong>.<\/li>\n\n\n\n<li>Membres e visiteur DOIT signer le journal de bord.<\/li>\n\n\n\n<li>Vous \u00eates responsable des actions de votre invit\u00e9.<\/li>\n\n\n\n<li>Toutes les armes \u00e0 feu doivent demeurer dans un \u00e9tui en tout temps jusqu'\u00e0 ce que vous soyez \u00e0 l'int\u00e9rieur de la zone rouge de la ligne de tir.<\/li>\n\n\n\n<li>La protection auditive et les lunettes de s\u00e9curit\u00e9 sont maintenant obligatoires, (CAF)<\/li>\n\n\n\n<li>Pas d'activit\u00e9s de Trap ou de skeet, PAS de fusil (Shotgun) utilisant du petit plomb.<\/li>\n\n\n\n<li>Toutes les cibles m\u00e9talliques DOIVENT \u00eatre pr\u00e9approuv\u00e9s par le CAF.<\/li>\n\n\n\n<li>PAS de cibles explosant (tannerite) ou des cibles maison (verre, acier, ciment, roches).<\/li>\n\n\n\n<li>Aucune consommation d'alcool, de drogue ou de cannabis soumise \u00e0 l'interdiction \u00e0 vie.<\/li>\n\n\n\n<li>Les douilles (brass) appartiennent au club, vous pouvez ramasser que votre propre Douilles.<\/li>\n\n\n\n<li><em><strong>LA DERNI\u00c8RE PERSONNE \u00c0 QUITTER le champ de tir doit v\u00e9rifier que le drapeau de tir rouge est descendu, le panneau jaune a la barri\u00e8re principale est mis \u00e0 PAS EN USAGE et la BARRIERE PRINCIPALE EST VERROUILL\u00c9E<\/strong><\/em>.<\/li>\n<\/ol>\n\n\n\n<h4 class=\"wp-block-heading\">\u00a0R\u00c8GLES DE S\u00c9CURIT\u00c9 DE TIR<\/h4>\n\n\n\n<ol class=\"wp-block-list\">\n<li>Le drapeau rouge doit \u00eatre hiss\u00e9 sur le poteau lors du tir.<\/li>\n\n\n\n<li>Personne ne peut entrer dans la zone rouge de la ligne de tir si des personnes sont sur le champ de tir pour v\u00e9rifier leurs cibles.<\/li>\n\n\n\n<li>Tout le monde doit rester en dehors de la zone rouge de la ligne de tir rouge jusqu'\u00e0 ce que le champ de tir soit d\u00e9gag\u00e9 des gens.<\/li>\n\n\n\n<li>Toutes les armes \u00e0 feu doivent demeurer dans leur \u00e9tui en tout temps jusqu'\u00e0 ce que vous soyez \u00e0 l'int\u00e9rieur de la zone rouge de la ligne de tir.<\/li>\n\n\n\n<li>Les armes \u00e0 feu ne peuvent \u00eatre retir\u00e9es de leur \u00e9tui seulement quand vous \u00eatre \u00e0 l'int\u00e9rieur de la zone rouge de la ligne de tir.<\/li>\n\n\n\n<li>Les armes \u00e0 feu doivent \u00eatre point\u00e9es vers l\u2019arr\u00eat balle en tout temps, le canon ne doit pas casser 45.<\/li>\n\n\n\n<li>Gardez votre doigt hors de la g\u00e2chette jusqu'\u00e0 ce que vous soyez pr\u00eat \u00e0 tirer.<\/li>\n\n\n\n<li>Restez dans votre all\u00e9e de tir. La cible directement en avant de vous.<\/li>\n\n\n\n<li>Choisissez une hauteur de cible appropri\u00e9e afin que vos balles frappent l\u2019arr\u00eat balle.<br><br><strong>Pour aller sur le champ changer les cibles<\/strong>:<\/li>\n\n\n\n<li>Avant d\u2019aller changer les cibles, tout le monde doit rendre son arme \u00e0 feu s\u00e9curitaire.<\/li>\n\n\n\n<li>V\u00e9rifiez que les armes \u00e0 feu sont point\u00e9es vers le l\u2019arr\u00eat balle, vides de munitions avec l'action ouvert.<\/li>\n\n\n\n<li>Tout le monde doit sortir de la zone rouge de tire et rester sortie.<\/li>\n\n\n\n<li>Avant de permettre aux gens d\u2019acc\u00e9der le champ de tir pour changer les cibles, un membre du club doit agir en tant qu'agent de s\u00e9curit\u00e9, en v\u00e9rifiant que toutes les armes \u00e0 feu sont point\u00e9es vers le l\u2019arr\u00eat balle, vides de munitions, avec l'action ouverte et personne n\u2019est dans la zone rouge de la ligne de tir.<\/li>\n\n\n\n<li>Quand tous sont s\u00e9curitaire, les tireurs sont autoris\u00e9s \u00e0 aller sur le champ de tir pour changer leurs cibles.<\/li>\n\n\n\n<li>Lorsque le champ de tir est libre de personnes, les tireurs sont autoris\u00e9s \u00e0 rentrer dans la zone rouge de la ligne de tir pour reprendre le tir \u00e0 la cible.<\/li>\n<\/ol>\n\n\n\n<p><strong>N'oubliez pas que les armes \u00e0 feu doivent \u00eatre remises dans le l\u2019\u00e9tui des armes \u00e0 feu avant de quitter la zone rouge de la ligne de tir.<\/strong><\/p>","protected":false},"excerpt":{"rendered":"<p>Updated 16 Mar 2024 RANGE RULES SHOOTING SAFETY RULES Remember: firearms must be put back in a gun case before leaving the red firing line area.<\/p>","protected":false},"author":2,"featured_media":0,"parent":0,"menu_order":0,"comment_status":"closed","ping_status":"closed","template":"","meta":{"pmpro_default_level":"","footnotes":""},"class_list":["post-686","page","type-page","status-publish","hentry","pmpro-has-access"],"_links":{"self":[{"href":"https:\/\/chaleurshootingclub.com\/fr_ca\/wp-json\/wp\/v2\/pages\/686","targetHints":{"allow":["GET"]}}],"collection":[{"href":"https:\/\/chaleurshootingclub.com\/fr_ca\/wp-json\/wp\/v2\/pages"}],"about":[{"href":"https:\/\/chaleurshootingclub.com\/fr_ca\/wp-json\/wp\/v2\/types\/page"}],"author":[{"embeddable":true,"href":"https:\/\/chaleurshootingclub.com\/fr_ca\/wp-json\/wp\/v2\/users\/2"}],"replies":[{"embeddable":true,"href":"https:\/\/chaleurshootingclub.com\/fr_ca\/wp-json\/wp\/v2\/comments?post=686"}],"version-history":[{"count":1,"href":"https:\/\/chaleurshootingclub.com\/fr_ca\/wp-json\/wp\/v2\/pages\/686\/revisions"}],"predecessor-version":[{"id":688,"href":"https:\/\/chaleurshootingclub.com\/fr_ca\/wp-json\/wp\/v2\/pages\/686\/revisions\/688"}],"wp:attachment":[{"href":"https:\/\/chaleurshootingclub.com\/fr_ca\/wp-json\/wp\/v2\/media?parent=686"}],"curies":[{"name":"wp","href":"https:\/\/api.w.org\/{rel}","templated":true}]}}